{"id":38,"date":"2025-12-18T18:32:29","date_gmt":"2025-12-18T21:32:29","guid":{"rendered":"https:\/\/elevatrix.com.br\/julianapeker\/?page_id=38"},"modified":"2026-01-12T17:33:08","modified_gmt":"2026-01-12T20:33:08","slug":"minha-abordagem","status":"publish","type":"page","link":"https:\/\/elevatrix.com.br\/julianapeker\/minha-abordagem\/","title":{"rendered":"Minha abordagem"},"content":{"rendered":"\t\t<div data-elementor-type=\"wp-page\" data-elementor-id=\"38\" class=\"elementor elementor-38\">\n\t\t\t\t<div class=\"elementor-element elementor-element-0c00423 e-flex e-con-boxed wpr-particle-no wpr-jarallax-no wpr-parallax-no wpr-sticky-section-no e-con e-parent\" data-id=\"0c00423\" data-element_type=\"container\" data-settings=\"{&quot;background_background&quot;:&quot;classic&quot;}\">\n\t\t\t\t\t<div class=\"e-con-inner\">\n\t\t<div class=\"elementor-element elementor-element-a3878ec e-con-full e-flex wpr-particle-no wpr-jarallax-no wpr-parallax-no wpr-sticky-section-no e-con e-child\" data-id=\"a3878ec\" data-element_type=\"container\">\n\t\t\t\t<div class=\"elementor-element elementor-element-787d3fa elementor-invisible elementor-widget elementor-widget-heading\" data-id=\"787d3fa\" data-element_type=\"widget\" data-settings=\"{&quot;_animation&quot;:&quot;fadeIn&quot;}\" data-widget_type=\"heading.default\">\n\t\t\t\t\t<h1 class=\"elementor-heading-title elementor-size-default\">O m\u00e9todo Juliana Peker<\/h1>\t\t\t\t<\/div>\n\t\t\t\t<div class=\"elementor-element elementor-element-949eda9 elementor-position-inline-start elementor-view-default elementor-mobile-position-block-start elementor-invisible elementor-widget elementor-widget-icon-box\" data-id=\"949eda9\" data-element_type=\"widget\" data-settings=\"{&quot;_animation&quot;:&quot;fadeInDown&quot;}\" data-widget_type=\"icon-box.default\">\n\t\t\t\t\t\t\t<div class=\"elementor-icon-box-wrapper\">\n\n\t\t\t\t\t\t<div class=\"elementor-icon-box-icon\">\n\t\t\t\t<span  class=\"elementor-icon\">\n\t\t\t\t<svg xmlns=\"http:\/\/www.w3.org\/2000\/svg\" width=\"64\" height=\"64\"><path d=\"M0 0 C1.54024825 0.041659 3.08062549 0.07880604 4.62109375 0.11132812 C15.71954463 0.40704463 15.71954463 0.40704463 17 1.6875 C17.08758003 3.68714982 17.10696576 5.6898611 17.09765625 7.69140625 C17.09443359 8.90634766 17.09121094 10.12128906 17.08789062 11.37304688 C17.07532227 13.29213867 17.07532227 13.29213867 17.0625 15.25 C17.05798828 16.53326172 17.05347656 17.81652344 17.04882812 19.13867188 C17.03699545 22.32166022 17.02051068 25.50455762 17 28.6875 C18.39992188 28.87892578 18.39992188 28.87892578 19.828125 29.07421875 C23.60685964 29.80483616 25.26091877 31.02450436 28 33.6875 C29.83941619 36.67185892 30.15448521 38.59931367 29.875 42.0625 C29.76793532 46.71981377 30.9659134 49.06345211 34 52.6875 C34.7425 53.368125 35.485 54.04875 36.25 54.75 C38 56.6875 38 56.6875 38.3125 59.375 C38 61.6875 38 61.6875 37 62.6875 C34.71484375 63 34.71484375 63 32 62.6875 C29.5587526 60.78544985 27.53242742 58.65651287 25.37890625 56.4375 C22.40274144 54.24813738 20.61154315 54.35492624 17 54.6875 C16.67 55.6775 16.34 56.6675 16 57.6875 C2.14 57.6875 -11.72 57.6875 -26 57.6875 C-26.2075684 51.17343976 -26.38634989 44.67099324 -26.49438477 38.15625 C-26.53943829 35.94459011 -26.60070335 33.73319519 -26.67895508 31.52246094 C-27.39287224 10.82352923 -27.39287224 10.82352923 -22.52734375 4.22265625 C-16.01616474 -1.32002901 -8.01385738 -0.42879207 0 0 Z M-14 2.6875 C-14 6.3175 -14 9.9475 -14 13.6875 C-17.3 13.6875 -20.6 13.6875 -24 13.6875 C-24 27.5475 -24 41.4075 -24 55.6875 C-11.46 55.6875 1.08 55.6875 14 55.6875 C14 55.0275 14 54.3675 14 53.6875 C13.071875 53.31625 12.14375 52.945 11.1875 52.5625 C7.35491569 50.30803864 6.44224055 48.8539727 5 44.6875 C4.37688195 38.87173156 5.21902293 37.24945414 8 31.6875 C-0.91 31.6875 -9.82 31.6875 -19 31.6875 C-19 31.0275 -19 30.3675 -19 29.6875 C-18.10692139 29.7282666 -17.21384277 29.7690332 -16.29370117 29.81103516 C-12.97852417 29.95734057 -9.66323674 30.09417556 -6.34741211 30.22460938 C-4.91268244 30.28299105 -3.47810083 30.34513834 -2.04370117 30.41113281 C0.01876872 30.5053682 2.0813928 30.58602573 4.14453125 30.6640625 C5.38565674 30.71643066 6.62678223 30.76879883 7.90551758 30.82275391 C11.17081482 30.9476179 11.17081482 30.9476179 14 28.6875 C14.41737872 25.97266406 14.41737872 25.97266406 14.29296875 22.8046875 C14.28547607 21.75394043 14.2779834 20.70319336 14.27026367 19.62060547 C14.22929565 17.61184326 14.22929565 17.61184326 14.1875 15.5625 C14.125625 11.31375 14.06375 7.065 14 2.6875 C4.76 2.6875 -4.48 2.6875 -14 2.6875 Z M-18 5.6875 C-19.03013277 7.33571244 -20.03114628 9.00253702 -21 10.6875 C-19.68 10.6875 -18.36 10.6875 -17 10.6875 C-17 9.0375 -17 7.3875 -17 5.6875 C-17.33 5.6875 -17.66 5.6875 -18 5.6875 Z M10 33.6875 C7.11122335 36.28739898 7.00105058 37.6780448 6.5625 41.625 C6.70740272 45.71278187 8.03684556 47.81149716 11 50.6875 C14.20173254 52.28836627 17.52577059 52.18667089 21 51.6875 C23.8100346 49.89386089 25.50940468 48.66869065 27 45.6875 C27.47613576 39.99285375 27.47613576 39.99285375 25.4375 34.8125 C20.17905556 30.2282151 15.74653939 29.76940496 10 33.6875 Z M28 52.6875 C29.49097658 56.4827131 31.75700849 58.29792731 35 60.6875 C35.3310989 57.4644076 35.3310989 57.4644076 32.625 55 C30.33293458 52.46715649 30.33293458 52.46715649 28 52.6875 Z \" fill=\"#768B8B\" transform=\"translate(26,0.3125)\"><\/path><path d=\"M0 0 C7.92 0 15.84 0 24 0 C24 0.99 24 1.98 24 3 C16.08 3 8.16 3 0 3 C0 2.01 0 1.02 0 0 Z \" fill=\"#748A8A\" transform=\"translate(7,51)\"><\/path><path d=\"M0 0 C7.26 0 14.52 0 22 0 C22 0.99 22 1.98 22 3 C14.74 3 7.48 3 0 3 C0 2.01 0 1.02 0 0 Z \" fill=\"#768989\" transform=\"translate(7,37)\"><\/path><path d=\"M0 0 C9.24 0 18.48 0 28 0 C28 0.66 28 1.32 28 2 C18.76 2 9.52 2 0 2 C0 1.34 0 0.68 0 0 Z \" fill=\"#768B8B\" transform=\"translate(7,16)\"><\/path><path d=\"M0 0 C5.94 0 11.88 0 18 0 C18 0.99 18 1.98 18 3 C12.06 3 6.12 3 0 3 C0 2.01 0 1.02 0 0 Z \" fill=\"#768B8B\" transform=\"translate(7,44)\"><\/path><path d=\"M0 0 C6.27 0 12.54 0 19 0 C19 0.66 19 1.32 19 2 C12.73 2 6.46 2 0 2 C0 1.34 0 0.68 0 0 Z \" fill=\"#738C8C\" transform=\"translate(7,23)\"><\/path><\/svg>\t\t\t\t<\/span>\n\t\t\t<\/div>\n\t\t\t\n\t\t\t\t\t\t<div class=\"elementor-icon-box-content\">\n\n\t\t\t\t\t\t\t\t\t<h3 class=\"elementor-icon-box-title\">\n\t\t\t\t\t\t<span  >\n\t\t\t\t\t\t\tInvestiga\u00e7\u00e3o Cl\u00ednica\t\t\t\t\t\t<\/span>\n\t\t\t\t\t<\/h3>\n\t\t\t\t\n\t\t\t\t\t\t\t\t\t<p class=\"elementor-icon-box-description\">\n\t\t\t\t\t\tAn\u00e1lise integrada de marcadores bioqu\u00edmicos e comportamento alimentar. Identificamos as ra\u00edzes metab\u00f3licas e emocionais que bloqueiam seus resultados.\t\t\t\t\t<\/p>\n\t\t\t\t\n\t\t\t<\/div>\n\t\t\t\n\t\t<\/div>\n\t\t\t\t\t\t<\/div>\n\t\t\t\t<div class=\"elementor-element elementor-element-1886f3e elementor-widget-divider--view-line elementor-invisible elementor-widget elementor-widget-divider\" data-id=\"1886f3e\" data-element_type=\"widget\" data-settings=\"{&quot;_animation&quot;:&quot;fadeInLeft&quot;}\" data-widget_type=\"divider.default\">\n\t\t\t\t\t\t\t<div class=\"elementor-divider\">\n\t\t\t<span class=\"elementor-divider-separator\">\n\t\t\t\t\t\t<\/span>\n\t\t<\/div>\n\t\t\t\t\t\t<\/div>\n\t\t\t\t<div class=\"elementor-element elementor-element-c379489 elementor-position-inline-start elementor-view-default elementor-mobile-position-block-start elementor-invisible elementor-widget elementor-widget-icon-box\" data-id=\"c379489\" data-element_type=\"widget\" data-settings=\"{&quot;_animation&quot;:&quot;fadeInDown&quot;}\" data-widget_type=\"icon-box.default\">\n\t\t\t\t\t\t\t<div class=\"elementor-icon-box-wrapper\">\n\n\t\t\t\t\t\t<div class=\"elementor-icon-box-icon\">\n\t\t\t\t<span  class=\"elementor-icon\">\n\t\t\t\t<svg xmlns=\"http:\/\/www.w3.org\/2000\/svg\" width=\"64\" height=\"64\"><path d=\"M0 0 C1.98 0 3.96 0 6 0 C6.33 1.65 6.66 3.3 7 5 C9.97 5 12.94 5 16 5 C16.66 3.35 17.32 1.7 18 0 C19.98 0 21.96 0 24 0 C24.33 1.65 24.66 3.3 25 5 C27.97 5 30.94 5 34 5 C34.33 3.68 34.66 2.36 35 1 C36 0 36 0 38.4375 -0.1875 C41 0 41 0 43 2 C43 2.99 43 3.98 43 5 C43.969375 4.979375 44.93875 4.95875 45.9375 4.9375 C49 5 49 5 50 6 C50.09749948 8.08679118 50.13205161 10.17657496 50.140625 12.265625 C50.15996094 13.54824219 50.17929687 14.83085937 50.19921875 16.15234375 C50.22812343 18.19771721 50.24999808 20.24200711 50.25048828 22.28759766 C50.25383634 24.25960708 50.29062604 26.2314693 50.328125 28.203125 C50.3374707 29.38551758 50.34681641 30.56791016 50.35644531 31.78613281 C51.17886193 35.89322401 52.89799723 37.28266903 56 40 C59.11867533 44.67801299 58.58676923 49.52348722 58 55 C55.81356301 59.61581142 53.50400196 61.72864085 49 64 C43.45191396 64.82885269 38.52859117 64.7240695 33.4375 62.3125 C31 60 31 60 29.79907227 57.39526367 C28.15924169 54.65415059 28.15924169 54.65415059 24.75366211 54.37231445 C22.78538452 54.36784302 22.78538452 54.36784302 20.77734375 54.36328125 C20.0760585 54.35290329 19.37477325 54.34252533 18.65223694 54.33183289 C16.41349268 54.30213082 14.1764059 54.30552971 11.9375 54.3125 C9.69548876 54.30361552 7.45392227 54.28769968 5.21205139 54.2610321 C3.18045278 54.23925261 1.14865862 54.23887769 -0.88305664 54.23950195 C-4 54 -4 54 -6 52 C-6.24050903 50.01315308 -6.24050903 50.01315308 -6.22705078 47.55029297 C-6.22689972 46.62948944 -6.22674866 45.70868591 -6.22659302 44.75997925 C-6.21627045 43.76410797 -6.20594788 42.76823669 -6.1953125 41.7421875 C-6.1924826 40.72399933 -6.18965271 39.70581116 -6.18673706 38.6567688 C-6.1755177 35.396061 -6.15040996 32.13562516 -6.125 28.875 C-6.11497247 26.66797271 -6.10584623 24.46094112 -6.09765625 22.25390625 C-6.07557268 16.83584428 -6.04207795 11.41794157 -6 6 C-4.35 5.67 -2.7 5.34 -1 5 C-0.67 3.35 -0.34 1.7 0 0 Z M2 3 C2 4.98 2 6.96 2 9 C2.66 8.67 3.32 8.34 4 8 C3.67 6.35 3.34 4.7 3 3 C2.67 3 2.34 3 2 3 Z M20 3 C20 4.98 20 6.96 20 9 C20.33 9 20.66 9 21 9 C21 7.02 21 5.04 21 3 C20.67 3 20.34 3 20 3 Z M38 3 C38 4.98 38 6.96 38 9 C38.33 9 38.66 9 39 9 C39 7.02 39 5.04 39 3 C38.67 3 38.34 3 38 3 Z M-3 8 C-3 10.31 -3 12.62 -3 15 C13.5 15 30 15 47 15 C47 12.69 47 10.38 47 8 C45.68 8 44.36 8 43 8 C42.34 9.32 41.68 10.64 41 12 C39.35 12 37.7 12 36 12 C35.34 10.68 34.68 9.36 34 8 C31.03 8 28.06 8 25 8 C24.34 9.32 23.68 10.64 23 12 C21.35 12 19.7 12 18 12 C17.34 10.68 16.68 9.36 16 8 C13.03 8 10.06 8 7 8 C6.34 9.32 5.68 10.64 5 12 C3.02 12 1.04 12 -1 12 C-1 10.68 -1 9.36 -1 8 C-1.66 8 -2.32 8 -3 8 Z M-3 18 C-3 28.56 -3 39.12 -3 50 C7.23 50 17.46 50 28 50 C28.66 47.03 29.32 44.06 30 41 C32.81760005 37.61887994 34.94784273 35.27249957 39.3828125 34.68359375 C41.921875 34.45572917 44.4609375 34.22786458 47 34 C47 28.72 47 23.44 47 18 C30.5 18 14 18 -3 18 Z M32.125 43.375 C30.74215374 46.60164126 30.50240912 48.51686382 31 52 C33.28725376 56.32036821 35.47085134 59.05893629 40 61 C43.92760919 61.58496307 45.65459941 61.18285914 49.1875 59.3125 C52.96524611 56.20635319 54.71234321 53.93140988 55.4375 49.0625 C54.7357326 44.15012822 52.47711298 41.16614182 48.625 38.125 C41.69614895 35.15549241 36.64878322 37.64487459 32.125 43.375 Z \" fill=\"#758B8B\" transform=\"translate(6,0)\"><\/path><path d=\"M0 0 C1.32 0 2.64 0 4 0 C4 2.31 4 4.62 4 7 C6.31 7 8.62 7 11 7 C11 8.32 11 9.64 11 11 C9.35425434 11.02688151 7.70838587 11.04634123 6.0625 11.0625 C5.14597656 11.07410156 4.22945312 11.08570313 3.28515625 11.09765625 C1 11 1 11 0 10 C-0.07205511 8.31391034 -0.08386068 6.62499341 -0.0625 4.9375 C-0.05347656 4.01839844 -0.04445312 3.09929688 -0.03515625 2.15234375 C-0.02355469 1.44207031 -0.01195312 0.73179688 0 0 Z \" fill=\"#768A8A\" transform=\"translate(47,40)\"><\/path><path d=\"M0 0 C3.96 0 7.92 0 12 0 C12 1.32 12 2.64 12 4 C8.04 4 4.08 4 0 4 C0 2.68 0 1.36 0 0 Z \" fill=\"#758B8B\" transform=\"translate(8,45)\"><\/path><path d=\"M0 0 C3.3 0 6.6 0 10 0 C10 1.32 10 2.64 10 4 C6.7 4 3.4 4 0 4 C0 2.68 0 1.36 0 0 Z \" fill=\"#758A8A\" transform=\"translate(23,30)\"><\/path><path d=\"M0 0 C3.3 0 6.6 0 10 0 C10 1.32 10 2.64 10 4 C6.7 4 3.4 4 0 4 C0 2.68 0 1.36 0 0 Z \" fill=\"#748B8B\" transform=\"translate(8,30)\"><\/path><path d=\"M0 0 C3.63 0 7.26 0 11 0 C11 0.99 11 1.98 11 3 C7.37 3 3.74 3 0 3 C0 2.01 0 1.02 0 0 Z \" fill=\"#778A8A\" transform=\"translate(23,38)\"><\/path><path d=\"M0 0 C3.63 0 7.26 0 11 0 C11 0.99 11 1.98 11 3 C7.37 3 3.74 3 0 3 C0 2.01 0 1.02 0 0 Z \" fill=\"#778A8A\" transform=\"translate(23,23)\"><\/path><path d=\"M0 0 C3.63 0 7.26 0 11 0 C11 0.99 11 1.98 11 3 C7.37 3 3.74 3 0 3 C0 2.01 0 1.02 0 0 Z \" fill=\"#768B8B\" transform=\"translate(7,38)\"><\/path><path d=\"M0 0 C3.63 0 7.26 0 11 0 C11 0.99 11 1.98 11 3 C7.37 3 3.74 3 0 3 C0 2.01 0 1.02 0 0 Z \" fill=\"#778A8A\" transform=\"translate(38,23)\"><\/path><path d=\"M0 0 C3.63 0 7.26 0 11 0 C11 0.99 11 1.98 11 3 C7.37 3 3.74 3 0 3 C0 2.01 0 1.02 0 0 Z \" fill=\"#768B8B\" transform=\"translate(7,23)\"><\/path><path d=\"M0 0 C0.99 0.33 1.98 0.66 3 1 C2.67 1.99 2.34 2.98 2 4 C1.01 3.67 0.02 3.34 -1 3 C-0.67 2.01 -0.34 1.02 0 0 Z \" fill=\"#778888\" transform=\"translate(23,45)\"><\/path><\/svg>\t\t\t\t<\/span>\n\t\t\t<\/div>\n\t\t\t\n\t\t\t\t\t\t<div class=\"elementor-icon-box-content\">\n\n\t\t\t\t\t\t\t\t\t<h3 class=\"elementor-icon-box-title\">\n\t\t\t\t\t\t<span  >\n\t\t\t\t\t\t\tPlanejamento Estrat\u00e9gico\t\t\t\t\t\t<\/span>\n\t\t\t\t\t<\/h3>\n\t\t\t\t\n\t\t\t\t\t\t\t\t\t<p class=\"elementor-icon-box-description\">\n\t\t\t\t\t\tElabora\u00e7\u00e3o de um plano bioindividual baseado na ci\u00eancia comportamental. Foco na regula\u00e7\u00e3o neuroend\u00f3crina e autonomia, sem restri\u00e7\u00f5es severas.\t\t\t\t\t<\/p>\n\t\t\t\t\n\t\t\t<\/div>\n\t\t\t\n\t\t<\/div>\n\t\t\t\t\t\t<\/div>\n\t\t\t\t<div class=\"elementor-element elementor-element-9eda968 elementor-widget-divider--view-line elementor-invisible elementor-widget elementor-widget-divider\" data-id=\"9eda968\" data-element_type=\"widget\" data-settings=\"{&quot;_animation&quot;:&quot;fadeInLeft&quot;}\" data-widget_type=\"divider.default\">\n\t\t\t\t\t\t\t<div class=\"elementor-divider\">\n\t\t\t<span class=\"elementor-divider-separator\">\n\t\t\t\t\t\t<\/span>\n\t\t<\/div>\n\t\t\t\t\t\t<\/div>\n\t\t\t\t<div class=\"elementor-element elementor-element-f477fd5 elementor-position-inline-start elementor-view-default elementor-mobile-position-block-start elementor-invisible elementor-widget elementor-widget-icon-box\" data-id=\"f477fd5\" data-element_type=\"widget\" data-settings=\"{&quot;_animation&quot;:&quot;fadeInDown&quot;}\" data-widget_type=\"icon-box.default\">\n\t\t\t\t\t\t\t<div class=\"elementor-icon-box-wrapper\">\n\n\t\t\t\t\t\t<div class=\"elementor-icon-box-icon\">\n\t\t\t\t<span  class=\"elementor-icon\">\n\t\t\t\t<svg xmlns=\"http:\/\/www.w3.org\/2000\/svg\" width=\"64\" height=\"64\"><path d=\"M0 0 C1.98 0.66 3.96 1.32 6 2 C5.75 3.875 5.75 3.875 5 6 C2.9375 7.25 2.9375 7.25 1 8 C0.67 7.34 0.34 6.68 0 6 C-9.83126956 9.41708204 -15.02317877 13.85030558 -20 23 C-22.12838262 29.38514787 -21.93209715 36.66401965 -19.3125 42.875 C-15.0471558 51.09359004 -9.71522391 55.09492536 -1 58 C8.45616903 58.86610557 14.77446942 57.20657558 22.75 52.3125 C28.65450954 46.2439763 30.8479951 39.23597533 32 31 C32.99 31 33.98 31 35 31 C34.80108257 39.49919939 32.91739463 46.63091417 27.13671875 53.078125 C20.22973996 59.46205103 12.71176074 62.38934578 3.23828125 62.2109375 C-5.68456391 61.3700411 -13.01383859 57.78339369 -18.7578125 50.890625 C-23.62336781 44.07414655 -25.71756576 37.467276 -25 29 C-23.45718231 20.3654069 -20.7726103 13.55423661 -13.59765625 8.2109375 C-9.19070984 5.41434895 -5.32479323 3.28025228 0 3 C0 2.01 0 1.02 0 0 Z \" fill=\"#728E8E\" transform=\"translate(27,1)\"><\/path><path d=\"M0 0 C4.52238404 4.17450835 5.81110657 7.28655741 7.4375 13.25 C8.0975 14.24 8.7575 15.23 9.4375 16.25 C9.28449528 19.02717993 9.02707238 21.6351295 8.625 24.375 C8.52896484 25.11621094 8.43292969 25.85742188 8.33398438 26.62109375 C7.58781415 32.09968585 7.58781415 32.09968585 6.4375 33.25 C4.10932036 33.61760731 1.7756615 33.95241581 -0.5625 34.25 C-1.5525 36.725 -1.5525 36.725 -2.5625 39.25 C-5.20840014 39.27684679 -7.85403096 39.29676357 -10.5 39.3125 C-11.25474609 39.32087891 -12.00949219 39.32925781 -12.78710938 39.33789062 C-14.71244313 39.34652441 -16.63785581 39.30224333 -18.5625 39.25 C-20.15566483 37.65683517 -19.71930871 35.82830826 -19.8125 33.625 C-20.28789676 28.08662777 -22.09004296 25.50375988 -25.5625 21.25 C-27.10002988 16.63741035 -27.42954551 11.92948401 -25.9140625 7.24609375 C-24.01854854 3.49556826 -21.59191096 0.82501389 -17.75390625 -1.08984375 C-11.71785934 -2.90818943 -5.63676013 -2.7689348 0 0 Z M-22.5 6.0625 C-24.06352089 9.28151359 -24.50253102 11.65186148 -24.5625 15.25 C-23.11320282 19.27253912 -20.92521674 22.70592489 -18.5625 26.25 C-17.71858322 29.55794539 -17.17380447 32.8878254 -16.5625 36.25 C-12.6025 36.25 -8.6425 36.25 -4.5625 36.25 C-3.9025 34.93 -3.2425 33.61 -2.5625 32.25 C1.0625 31.5 1.0625 31.5 4.4375 31.25 C5.28284195 28.6083064 5.4375 26.56517226 5.4375 23.75 C5.4375 20.25 5.4375 20.25 6.0625 17.9375 C6.18625 17.380625 6.31 16.82375 6.4375 16.25 C5.7775 15.59 5.1175 14.93 4.4375 14.25 C4.19 12.991875 3.9425 11.73375 3.6875 10.4375 C2.8019266 6.71944375 1.48515613 4.46429051 -1.73046875 2.1640625 C-9.37441402 -1.64976094 -16.47606905 0.42720976 -22.5 6.0625 Z \" fill=\"#748C8C\" transform=\"translate(40.5625,14.75)\"><\/path><path d=\"M0 0 C2.97551265 2.06992184 4.59918728 3.63426776 5.6328125 7.15625 C6.22046019 10.90719269 6.27634206 13.33096134 4.8125 16.875 C2.31001196 19.80895149 0.29727969 21.55619379 -3.375 22.8125 C-7.86252239 23.13303731 -10.93168283 21.92394998 -14.3125 19 C-17.08370964 15.71560339 -17.29273294 13.33191664 -17.20703125 9.03125 C-16.89170516 5.93748455 -16.06016368 4.32599125 -14 2 C-9.02064459 -0.87270504 -5.54767627 -1.64375593 0 0 Z M-14.375 6.8125 C-15.26089715 9.91314004 -14.89945179 11.91616529 -14 15 C-11.79302599 18.14069378 -10.30567472 18.90376907 -6.625 20.0625 C-2.86884315 20.28536064 -2.86884315 20.28536064 0.4375 18.0625 C3.25063576 14.7004597 3.92083256 13.19999 3.58984375 8.9375 C2.45301748 5.20328922 0.29893427 3.99180937 -3 2 C-7.77409194 1.06846986 -11.46285852 2.97376805 -14.375 6.8125 Z \" fill=\"#738D8D\" transform=\"translate(36,18)\"><\/path><path d=\"M0 0 C0.66 0.33 1.32 0.66 2 1 C0.56036361 4.35915158 -1.12416589 6.71624938 -4 9 C-6.25 8.75 -6.25 8.75 -8 8 C-8.33 6.35 -8.66 4.7 -9 3 C-7.02 3.99 -7.02 3.99 -5 5 C-3.35 3.35 -1.7 1.7 0 0 Z \" fill=\"#738D8D\" transform=\"translate(34,24)\"><\/path><\/svg>\t\t\t\t<\/span>\n\t\t\t<\/div>\n\t\t\t\n\t\t\t\t\t\t<div class=\"elementor-icon-box-content\">\n\n\t\t\t\t\t\t\t\t\t<h3 class=\"elementor-icon-box-title\">\n\t\t\t\t\t\t<span  >\n\t\t\t\t\t\t\tConsolida\u00e7\u00e3o de Resultados\t\t\t\t\t\t<\/span>\n\t\t\t\t\t<\/h3>\n\t\t\t\t\n\t\t\t\t\t\t\t\t\t<p class=\"elementor-icon-box-description\">\n\t\t\t\t\t\tMonitoramento ativo e ajuste fino da estrat\u00e9gia. Implementamos a reprograma\u00e7\u00e3o de h\u00e1bitos para garantir a estabilidade metab\u00f3lica a longo prazo.\t\t\t\t\t<\/p>\n\t\t\t\t\n\t\t\t<\/div>\n\t\t\t\n\t\t<\/div>\n\t\t\t\t\t\t<\/div>\n\t\t\t\t<\/div>\n\t\t<div class=\"elementor-element elementor-element-6db4c00 e-con-full e-flex wpr-particle-no wpr-jarallax-no wpr-parallax-no wpr-sticky-section-no e-con e-child\" data-id=\"6db4c00\" data-element_type=\"container\">\n\t\t\t\t<div class=\"elementor-element elementor-element-25d9137 elementor-widget__width-initial elementor-invisible elementor-widget elementor-widget-image\" data-id=\"25d9137\" data-element_type=\"widget\" data-settings=\"{&quot;_animation&quot;:&quot;fadeIn&quot;}\" data-widget_type=\"image.default\">\n\t\t\t\t\t\t\t\t\t\t\t\t\t\t\t<img fetchpriority=\"high\" decoding=\"async\" width=\"720\" height=\"572\" src=\"https:\/\/elevatrix.com.br\/julianapeker\/wp-content\/uploads\/2025\/12\/WhatsApp-Image-2025-12-19-at-22.28.56.jpeg\" class=\"attachment-full size-full wp-image-567\" alt=\"\" srcset=\"https:\/\/elevatrix.com.br\/julianapeker\/wp-content\/uploads\/2025\/12\/WhatsApp-Image-2025-12-19-at-22.28.56.jpeg 720w, https:\/\/elevatrix.com.br\/julianapeker\/wp-content\/uploads\/2025\/12\/WhatsApp-Image-2025-12-19-at-22.28.56-300x238.jpeg 300w\" sizes=\"(max-width: 720px) 100vw, 720px\" \/>\t\t\t\t\t\t\t\t\t\t\t\t\t\t\t<\/div>\n\t\t\t\t<\/div>\n\t\t\t\t\t<\/div>\n\t\t\t\t<\/div>\n\t\t\t\t<\/div>\n\t\t","protected":false},"excerpt":{"rendered":"<p>O m\u00e9todo Juliana Peker Investiga\u00e7\u00e3o Cl\u00ednica An\u00e1lise integrada de marcadores bioqu\u00edmicos e comportamento alimentar. Identificamos as ra\u00edzes metab\u00f3licas e emocionais que bloqueiam seus resultados. Planejamento Estrat\u00e9gico Elabora\u00e7\u00e3o de um plano bioindividual baseado na ci\u00eancia comportamental. Foco na regula\u00e7\u00e3o neuroend\u00f3crina e autonomia, sem restri\u00e7\u00f5es severas. Consolida\u00e7\u00e3o de Resultados Monitoramento ativo e ajuste fino da estrat\u00e9gia. Implementamos a reprograma\u00e7\u00e3o de h\u00e1bitos para garantir a estabilidade metab\u00f3lica a longo prazo.<\/p>\n","protected":false},"author":1,"featured_media":0,"parent":0,"menu_order":0,"comment_status":"closed","ping_status":"closed","template":"elementor_header_footer","meta":{"footnotes":""},"class_list":["post-38","page","type-page","status-publish","hentry"],"_hostinger_reach_plugin_has_subscription_block":false,"_hostinger_reach_plugin_is_elementor":false,"_links":{"self":[{"href":"https:\/\/elevatrix.com.br\/julianapeker\/wp-json\/wp\/v2\/pages\/38","targetHints":{"allow":["GET"]}}],"collection":[{"href":"https:\/\/elevatrix.com.br\/julianapeker\/wp-json\/wp\/v2\/pages"}],"about":[{"href":"https:\/\/elevatrix.com.br\/julianapeker\/wp-json\/wp\/v2\/types\/page"}],"author":[{"embeddable":true,"href":"https:\/\/elevatrix.com.br\/julianapeker\/wp-json\/wp\/v2\/users\/1"}],"replies":[{"embeddable":true,"href":"https:\/\/elevatrix.com.br\/julianapeker\/wp-json\/wp\/v2\/comments?post=38"}],"version-history":[{"count":13,"href":"https:\/\/elevatrix.com.br\/julianapeker\/wp-json\/wp\/v2\/pages\/38\/revisions"}],"predecessor-version":[{"id":1393,"href":"https:\/\/elevatrix.com.br\/julianapeker\/wp-json\/wp\/v2\/pages\/38\/revisions\/1393"}],"wp:attachment":[{"href":"https:\/\/elevatrix.com.br\/julianapeker\/wp-json\/wp\/v2\/media?parent=38"}],"curies":[{"name":"wp","href":"https:\/\/api.w.org\/{rel}","templated":true}]}}